{"id":3554,"date":"2024-10-24T07:31:14","date_gmt":"2024-10-24T07:31:14","guid":{"rendered":"https:\/\/lapetitemerveille.fr\/?post_type=product&#038;p=3554"},"modified":"2026-04-09T07:54:53","modified_gmt":"2026-04-09T07:54:53","slug":"liqueur-de-verveine","status":"publish","type":"product","link":"https:\/\/lapetitemerveille.fr\/?product=liqueur-de-verveine","title":{"rendered":"Liqueur de Verveine 70cl"},"content":{"rendered":"<p><strong>Origine<\/strong> : Notre verveine est issue de notre exploitation \u00e0 Sainte-Sigol\u00e8ne et r\u00e9colt\u00e9e \u00e0 la main.<\/p>\n<p>Je veux un <a href=\"https:\/\/lapetitemerveille.fr\/produit\/magnum-de-liqueur-de-verveine\/?v=82a9e4d26595\">magnum de Verveine<\/a> !<\/p>\n<p>Notre liqueur de Verveine a \u00e9t\u00e9 <strong>m\u00e9daill\u00e9e d&rsquo;Or au Concours International de Lyon<\/strong> 2024 et 2025 !<\/p>\n","protected":false},"excerpt":{"rendered":"<h5><em><strong>35\u00b0<\/strong><\/em><\/h5>\n<p>Notre liqueur de Verveine est \u00e9labor\u00e9e \u00e0 partir de feuilles fra\u00eeches r\u00e9colt\u00e9es \u00e0 la main.<br \/>\nGourmande et \u00e9quilibr\u00e9e, son go\u00fbt est l\u00e9g\u00e8rement citronn\u00e9 pour une d\u00e9gustation riche de plaisir.<\/p>\n<p>Disponible en 20, 50, 70 et 150cl.<\/p>\n","protected":false},"featured_media":8854,"comment_status":"open","ping_status":"closed","template":"","meta":[],"product_brand":[],"product_cat":[128],"product_tag":[],"class_list":{"0":"post-3554","1":"product","2":"type-product","3":"status-publish","4":"has-post-thumbnail","6":"product_cat-liqueur-de-verveine","7":"product_shipping_class-colis-superieur-a-1kg","9":"first","10":"instock","11":"featured","12":"shipping-taxable","13":"purchasable","14":"product-type-simple"},"yoast_head":"<!-- This site is optimized with the Yoast SEO plugin v27.3 - https:\/\/yoast.com\/product\/yoast-seo-wordpress\/ -->\n<title>Liqueur de Verveine 70cl - La Petite Merveille<\/title>\n<meta name=\"description\" content=\"Notre liqueur de Verveine est \u00e9labor\u00e9e \u00e0 partir de feuilles fra\u00eeches r\u00e9colt\u00e9es \u00e0 la main. Gourmande et \u00e9quilibr\u00e9e, son go\u00fbt est l\u00e9g\u00e8rement citronn\u00e9.\" \/>\n<meta name=\"robots\" content=\"index, follow, max-snippet:-1, max-image-preview:large, max-video-preview:-1\" \/>\n<link rel=\"canonical\" href=\"https:\/\/lapetitemerveille.fr\/produit\/liqueur-de-verveine\/?v=82a9e4d26595\" \/>\n<meta property=\"og:locale\" content=\"fr_FR\" \/>\n<meta property=\"og:type\" content=\"article\" \/>\n<meta property=\"og:title\" content=\"Liqueur de Verveine 70cl - La Petite Merveille\" \/>\n<meta property=\"og:description\" content=\"Notre liqueur de Verveine est \u00e9labor\u00e9e \u00e0 partir de feuilles fra\u00eeches r\u00e9colt\u00e9es \u00e0 la main. Gourmande et \u00e9quilibr\u00e9e, son go\u00fbt est l\u00e9g\u00e8rement citronn\u00e9.\" \/>\n<meta property=\"og:url\" content=\"https:\/\/lapetitemerveille.fr\/produit\/liqueur-de-verveine\/?v=82a9e4d26595\" \/>\n<meta property=\"og:site_name\" content=\"La Petite Merveille\" \/>\n<meta property=\"article:modified_time\" content=\"2026-04-09T07:54:53+00:00\" \/>\n<meta property=\"og:image\" content=\"https:\/\/lapetitemerveille.fr\/wp-content\/uploads\/2026\/04\/17.png\" \/>\n\t<meta property=\"og:image:width\" content=\"1080\" \/>\n\t<meta property=\"og:image:height\" content=\"1080\" \/>\n\t<meta property=\"og:image:type\" content=\"image\/png\" \/>\n<meta name=\"twitter:card\" content=\"summary_large_image\" \/>\n<meta name=\"twitter:label1\" content=\"Dur\u00e9e de lecture estim\u00e9e\" \/>\n\t<meta name=\"twitter:data1\" content=\"1 minute\" \/>\n<script type=\"application\/ld+json\" class=\"yoast-schema-graph\">{\"@context\":\"https:\\\/\\\/schema.org\",\"@graph\":[{\"@type\":\"WebPage\",\"@id\":\"https:\\\/\\\/lapetitemerveille.fr\\\/?product=liqueur-de-verveine\",\"url\":\"https:\\\/\\\/lapetitemerveille.fr\\\/produit\\\/liqueur-de-verveine\\\/?v=82a9e4d26595\",\"name\":\"Liqueur de Verveine 70cl - La Petite Merveille\",\"isPartOf\":{\"@id\":\"https:\\\/\\\/lapetitemerveille.fr\\\/#website\"},\"primaryImageOfPage\":{\"@id\":\"https:\\\/\\\/lapetitemerveille.fr\\\/produit\\\/liqueur-de-verveine\\\/?v=82a9e4d26595#primaryimage\"},\"image\":{\"@id\":\"https:\\\/\\\/lapetitemerveille.fr\\\/produit\\\/liqueur-de-verveine\\\/?v=82a9e4d26595#primaryimage\"},\"thumbnailUrl\":\"https:\\\/\\\/lapetitemerveille.fr\\\/wp-content\\\/uploads\\\/2026\\\/04\\\/17.png\",\"datePublished\":\"2024-10-24T07:31:14+00:00\",\"dateModified\":\"2026-04-09T07:54:53+00:00\",\"description\":\"Notre liqueur de Verveine est \u00e9labor\u00e9e \u00e0 partir de feuilles fra\u00eeches r\u00e9colt\u00e9es \u00e0 la main. Gourmande et \u00e9quilibr\u00e9e, son go\u00fbt est l\u00e9g\u00e8rement citronn\u00e9.\",\"breadcrumb\":{\"@id\":\"https:\\\/\\\/lapetitemerveille.fr\\\/produit\\\/liqueur-de-verveine\\\/?v=82a9e4d26595#breadcrumb\"},\"inLanguage\":\"fr-FR\",\"potentialAction\":[{\"@type\":\"ReadAction\",\"target\":[\"https:\\\/\\\/lapetitemerveille.fr\\\/produit\\\/liqueur-de-verveine\\\/?v=82a9e4d26595\"]}]},{\"@type\":\"ImageObject\",\"inLanguage\":\"fr-FR\",\"@id\":\"https:\\\/\\\/lapetitemerveille.fr\\\/produit\\\/liqueur-de-verveine\\\/?v=82a9e4d26595#primaryimage\",\"url\":\"https:\\\/\\\/lapetitemerveille.fr\\\/wp-content\\\/uploads\\\/2026\\\/04\\\/17.png\",\"contentUrl\":\"https:\\\/\\\/lapetitemerveille.fr\\\/wp-content\\\/uploads\\\/2026\\\/04\\\/17.png\",\"width\":1080,\"height\":1080},{\"@type\":\"BreadcrumbList\",\"@id\":\"https:\\\/\\\/lapetitemerveille.fr\\\/produit\\\/liqueur-de-verveine\\\/?v=82a9e4d26595#breadcrumb\",\"itemListElement\":[{\"@type\":\"ListItem\",\"position\":1,\"name\":\"Accueil\",\"item\":\"https:\\\/\\\/lapetitemerveille.fr\\\/\"},{\"@type\":\"ListItem\",\"position\":2,\"name\":\"Nos produits\",\"item\":\"https:\\\/\\\/lapetitemerveille.fr\\\/?page_id=4904\"},{\"@type\":\"ListItem\",\"position\":3,\"name\":\"Liqueur de Verveine 70cl\"}]},{\"@type\":\"WebSite\",\"@id\":\"https:\\\/\\\/lapetitemerveille.fr\\\/#website\",\"url\":\"https:\\\/\\\/lapetitemerveille.fr\\\/\",\"name\":\"La Petite Merveille\",\"description\":\"Liqueurs artisanales\",\"publisher\":{\"@id\":\"https:\\\/\\\/lapetitemerveille.fr\\\/#organization\"},\"potentialAction\":[{\"@type\":\"SearchAction\",\"target\":{\"@type\":\"EntryPoint\",\"urlTemplate\":\"https:\\\/\\\/lapetitemerveille.fr\\\/?s={search_term_string}\"},\"query-input\":{\"@type\":\"PropertyValueSpecification\",\"valueRequired\":true,\"valueName\":\"search_term_string\"}}],\"inLanguage\":\"fr-FR\"},{\"@type\":\"Organization\",\"@id\":\"https:\\\/\\\/lapetitemerveille.fr\\\/#organization\",\"name\":\"La Petite Merveille\",\"url\":\"https:\\\/\\\/lapetitemerveille.fr\\\/\",\"logo\":{\"@type\":\"ImageObject\",\"inLanguage\":\"fr-FR\",\"@id\":\"https:\\\/\\\/lapetitemerveille.fr\\\/#\\\/schema\\\/logo\\\/image\\\/\",\"url\":\"https:\\\/\\\/lapetitemerveille.fr\\\/wp-content\\\/uploads\\\/2024\\\/10\\\/cropped-Logo-LPM_Logo-Noir.png\",\"contentUrl\":\"https:\\\/\\\/lapetitemerveille.fr\\\/wp-content\\\/uploads\\\/2024\\\/10\\\/cropped-Logo-LPM_Logo-Noir.png\",\"width\":512,\"height\":512,\"caption\":\"La Petite Merveille\"},\"image\":{\"@id\":\"https:\\\/\\\/lapetitemerveille.fr\\\/#\\\/schema\\\/logo\\\/image\\\/\"}}]}<\/script>\n<!-- \/ Yoast SEO plugin. -->","yoast_head_json":{"title":"Liqueur de Verveine 70cl - La Petite Merveille","description":"Notre liqueur de Verveine est \u00e9labor\u00e9e \u00e0 partir de feuilles fra\u00eeches r\u00e9colt\u00e9es \u00e0 la main. Gourmande et \u00e9quilibr\u00e9e, son go\u00fbt est l\u00e9g\u00e8rement citronn\u00e9.","robots":{"index":"index","follow":"follow","max-snippet":"max-snippet:-1","max-image-preview":"max-image-preview:large","max-video-preview":"max-video-preview:-1"},"canonical":"https:\/\/lapetitemerveille.fr\/produit\/liqueur-de-verveine\/?v=82a9e4d26595","og_locale":"fr_FR","og_type":"article","og_title":"Liqueur de Verveine 70cl - La Petite Merveille","og_description":"Notre liqueur de Verveine est \u00e9labor\u00e9e \u00e0 partir de feuilles fra\u00eeches r\u00e9colt\u00e9es \u00e0 la main. Gourmande et \u00e9quilibr\u00e9e, son go\u00fbt est l\u00e9g\u00e8rement citronn\u00e9.","og_url":"https:\/\/lapetitemerveille.fr\/produit\/liqueur-de-verveine\/?v=82a9e4d26595","og_site_name":"La Petite Merveille","article_modified_time":"2026-04-09T07:54:53+00:00","og_image":[{"width":1080,"height":1080,"url":"https:\/\/lapetitemerveille.fr\/wp-content\/uploads\/2026\/04\/17.png","type":"image\/png"}],"twitter_card":"summary_large_image","twitter_misc":{"Dur\u00e9e de lecture estim\u00e9e":"1 minute"},"schema":{"@context":"https:\/\/schema.org","@graph":[{"@type":"WebPage","@id":"https:\/\/lapetitemerveille.fr\/?product=liqueur-de-verveine","url":"https:\/\/lapetitemerveille.fr\/produit\/liqueur-de-verveine\/?v=82a9e4d26595","name":"Liqueur de Verveine 70cl - La Petite Merveille","isPartOf":{"@id":"https:\/\/lapetitemerveille.fr\/#website"},"primaryImageOfPage":{"@id":"https:\/\/lapetitemerveille.fr\/produit\/liqueur-de-verveine\/?v=82a9e4d26595#primaryimage"},"image":{"@id":"https:\/\/lapetitemerveille.fr\/produit\/liqueur-de-verveine\/?v=82a9e4d26595#primaryimage"},"thumbnailUrl":"https:\/\/lapetitemerveille.fr\/wp-content\/uploads\/2026\/04\/17.png","datePublished":"2024-10-24T07:31:14+00:00","dateModified":"2026-04-09T07:54:53+00:00","description":"Notre liqueur de Verveine est \u00e9labor\u00e9e \u00e0 partir de feuilles fra\u00eeches r\u00e9colt\u00e9es \u00e0 la main. Gourmande et \u00e9quilibr\u00e9e, son go\u00fbt est l\u00e9g\u00e8rement citronn\u00e9.","breadcrumb":{"@id":"https:\/\/lapetitemerveille.fr\/produit\/liqueur-de-verveine\/?v=82a9e4d26595#breadcrumb"},"inLanguage":"fr-FR","potentialAction":[{"@type":"ReadAction","target":["https:\/\/lapetitemerveille.fr\/produit\/liqueur-de-verveine\/?v=82a9e4d26595"]}]},{"@type":"ImageObject","inLanguage":"fr-FR","@id":"https:\/\/lapetitemerveille.fr\/produit\/liqueur-de-verveine\/?v=82a9e4d26595#primaryimage","url":"https:\/\/lapetitemerveille.fr\/wp-content\/uploads\/2026\/04\/17.png","contentUrl":"https:\/\/lapetitemerveille.fr\/wp-content\/uploads\/2026\/04\/17.png","width":1080,"height":1080},{"@type":"BreadcrumbList","@id":"https:\/\/lapetitemerveille.fr\/produit\/liqueur-de-verveine\/?v=82a9e4d26595#breadcrumb","itemListElement":[{"@type":"ListItem","position":1,"name":"Accueil","item":"https:\/\/lapetitemerveille.fr\/"},{"@type":"ListItem","position":2,"name":"Nos produits","item":"https:\/\/lapetitemerveille.fr\/?page_id=4904"},{"@type":"ListItem","position":3,"name":"Liqueur de Verveine 70cl"}]},{"@type":"WebSite","@id":"https:\/\/lapetitemerveille.fr\/#website","url":"https:\/\/lapetitemerveille.fr\/","name":"La Petite Merveille","description":"Liqueurs artisanales","publisher":{"@id":"https:\/\/lapetitemerveille.fr\/#organization"},"potentialAction":[{"@type":"SearchAction","target":{"@type":"EntryPoint","urlTemplate":"https:\/\/lapetitemerveille.fr\/?s={search_term_string}"},"query-input":{"@type":"PropertyValueSpecification","valueRequired":true,"valueName":"search_term_string"}}],"inLanguage":"fr-FR"},{"@type":"Organization","@id":"https:\/\/lapetitemerveille.fr\/#organization","name":"La Petite Merveille","url":"https:\/\/lapetitemerveille.fr\/","logo":{"@type":"ImageObject","inLanguage":"fr-FR","@id":"https:\/\/lapetitemerveille.fr\/#\/schema\/logo\/image\/","url":"https:\/\/lapetitemerveille.fr\/wp-content\/uploads\/2024\/10\/cropped-Logo-LPM_Logo-Noir.png","contentUrl":"https:\/\/lapetitemerveille.fr\/wp-content\/uploads\/2024\/10\/cropped-Logo-LPM_Logo-Noir.png","width":512,"height":512,"caption":"La Petite Merveille"},"image":{"@id":"https:\/\/lapetitemerveille.fr\/#\/schema\/logo\/image\/"}}]}},"_links":{"self":[{"href":"https:\/\/lapetitemerveille.fr\/index.php?rest_route=\/wp\/v2\/product\/3554","targetHints":{"allow":["GET"]}}],"collection":[{"href":"https:\/\/lapetitemerveille.fr\/index.php?rest_route=\/wp\/v2\/product"}],"about":[{"href":"https:\/\/lapetitemerveille.fr\/index.php?rest_route=\/wp\/v2\/types\/product"}],"replies":[{"embeddable":true,"href":"https:\/\/lapetitemerveille.fr\/index.php?rest_route=%2Fwp%2Fv2%2Fcomments&post=3554"}],"version-history":[{"count":8,"href":"https:\/\/lapetitemerveille.fr\/index.php?rest_route=\/wp\/v2\/product\/3554\/revisions"}],"predecessor-version":[{"id":8792,"href":"https:\/\/lapetitemerveille.fr\/index.php?rest_route=\/wp\/v2\/product\/3554\/revisions\/8792"}],"wp:featuredmedia":[{"embeddable":true,"href":"https:\/\/lapetitemerveille.fr\/index.php?rest_route=\/wp\/v2\/media\/8854"}],"wp:attachment":[{"href":"https:\/\/lapetitemerveille.fr\/index.php?rest_route=%2Fwp%2Fv2%2Fmedia&parent=3554"}],"wp:term":[{"taxonomy":"product_brand","embeddable":true,"href":"https:\/\/lapetitemerveille.fr\/index.php?rest_route=%2Fwp%2Fv2%2Fproduct_brand&post=3554"},{"taxonomy":"product_cat","embeddable":true,"href":"https:\/\/lapetitemerveille.fr\/index.php?rest_route=%2Fwp%2Fv2%2Fproduct_cat&post=3554"},{"taxonomy":"product_tag","embeddable":true,"href":"https:\/\/lapetitemerveille.fr\/index.php?rest_route=%2Fwp%2Fv2%2Fproduct_tag&post=3554"}],"curies":[{"name":"wp","href":"https:\/\/api.w.org\/{rel}","templated":true}]}}