{"id":6599,"date":"2025-01-15T10:16:51","date_gmt":"2025-01-15T10:16:51","guid":{"rendered":"https:\/\/lapetitemerveille.fr\/?post_type=product&#038;p=6599"},"modified":"2026-03-11T13:30:51","modified_gmt":"2026-03-11T13:30:51","slug":"magnum-liqueur-de-menthe","status":"publish","type":"product","link":"https:\/\/lapetitemerveille.fr\/?product=magnum-liqueur-de-menthe","title":{"rendered":"Magnum liqueur de Menthe"},"content":{"rendered":"<p><strong>Origine<\/strong> : Nos feuilles de menthe sont issues de notre exploitation \u00e0 Sainte-Sigol\u00e8ne et r\u00e9colt\u00e9es \u00e0 la main.<\/p>\n","protected":false},"excerpt":{"rendered":"<h5><em><strong>150cl &#8211; 35\u00b0<\/strong><\/em><\/h5>\n<p>Notre liqueur de Menthe est n\u00e9e d&rsquo;un assemblage de deux vari\u00e9t\u00e9s de menthes.<br \/>\nElle offre un m\u00e9lange parfait entre les ar\u00f4mes riches du th\u00e9 marocain et la fra\u00eecheur vive de la menthe poivr\u00e9e.<\/p>\n","protected":false},"featured_media":7456,"comment_status":"open","ping_status":"closed","template":"","meta":[],"product_brand":[],"product_cat":[129],"product_tag":[],"class_list":{"0":"post-6599","1":"product","2":"type-product","3":"status-publish","4":"has-post-thumbnail","6":"product_cat-liqueur-de-menthe","8":"first","9":"instock","10":"shipping-taxable","11":"purchasable","12":"product-type-variable"},"yoast_head":"<!-- This site is optimized with the Yoast SEO plugin v27.3 - https:\/\/yoast.com\/product\/yoast-seo-wordpress\/ -->\n<title>Magnum liqueur de Menthe - La Petite Merveille<\/title>\n<meta name=\"description\" content=\"Notre magnum de Menthe est n\u00e9e d&#039;un assemblage de deux vari\u00e9t\u00e9s de menthes. Elle offre un m\u00e9lange parfait entre le th\u00e9 marocain et de la menthe poivr\u00e9e.\" \/>\n<meta name=\"robots\" content=\"index, follow, max-snippet:-1, max-image-preview:large, max-video-preview:-1\" \/>\n<link rel=\"canonical\" href=\"https:\/\/lapetitemerveille.fr\/?product=magnum-liqueur-de-menthe\" \/>\n<meta property=\"og:locale\" content=\"fr_FR\" \/>\n<meta property=\"og:type\" content=\"article\" \/>\n<meta property=\"og:title\" content=\"Magnum liqueur de Menthe - La Petite Merveille\" \/>\n<meta property=\"og:description\" content=\"Notre magnum de Menthe est n\u00e9e d&#039;un assemblage de deux vari\u00e9t\u00e9s de menthes. Elle offre un m\u00e9lange parfait entre le th\u00e9 marocain et de la menthe poivr\u00e9e.\" \/>\n<meta property=\"og:url\" content=\"https:\/\/lapetitemerveille.fr\/?product=magnum-liqueur-de-menthe\" \/>\n<meta property=\"og:site_name\" content=\"La Petite Merveille\" \/>\n<meta property=\"article:modified_time\" content=\"2026-03-11T13:30:51+00:00\" \/>\n<meta property=\"og:image\" content=\"https:\/\/lapetitemerveille.fr\/wp-content\/uploads\/2025\/01\/18.png\" \/>\n\t<meta property=\"og:image:width\" content=\"1080\" \/>\n\t<meta property=\"og:image:height\" content=\"1080\" \/>\n\t<meta property=\"og:image:type\" content=\"image\/png\" \/>\n<meta name=\"twitter:card\" content=\"summary_large_image\" \/>\n<meta name=\"twitter:label1\" content=\"Dur\u00e9e de lecture estim\u00e9e\" \/>\n\t<meta name=\"twitter:data1\" content=\"1 minute\" \/>\n<script type=\"application\/ld+json\" class=\"yoast-schema-graph\">{\"@context\":\"https:\\\/\\\/schema.org\",\"@graph\":[{\"@type\":\"WebPage\",\"@id\":\"https:\\\/\\\/lapetitemerveille.fr\\\/?product=magnum-liqueur-de-menthe\",\"url\":\"https:\\\/\\\/lapetitemerveille.fr\\\/?product=magnum-liqueur-de-menthe\",\"name\":\"Magnum liqueur de Menthe - La Petite Merveille\",\"isPartOf\":{\"@id\":\"https:\\\/\\\/lapetitemerveille.fr\\\/#website\"},\"primaryImageOfPage\":{\"@id\":\"https:\\\/\\\/lapetitemerveille.fr\\\/?product=magnum-liqueur-de-menthe#primaryimage\"},\"image\":{\"@id\":\"https:\\\/\\\/lapetitemerveille.fr\\\/?product=magnum-liqueur-de-menthe#primaryimage\"},\"thumbnailUrl\":\"https:\\\/\\\/lapetitemerveille.fr\\\/wp-content\\\/uploads\\\/2025\\\/01\\\/18.png\",\"datePublished\":\"2025-01-15T10:16:51+00:00\",\"dateModified\":\"2026-03-11T13:30:51+00:00\",\"description\":\"Notre magnum de Menthe est n\u00e9e d'un assemblage de deux vari\u00e9t\u00e9s de menthes. Elle offre un m\u00e9lange parfait entre le th\u00e9 marocain et de la menthe poivr\u00e9e.\",\"breadcrumb\":{\"@id\":\"https:\\\/\\\/lapetitemerveille.fr\\\/?product=magnum-liqueur-de-menthe#breadcrumb\"},\"inLanguage\":\"fr-FR\",\"potentialAction\":[{\"@type\":\"ReadAction\",\"target\":[\"https:\\\/\\\/lapetitemerveille.fr\\\/?product=magnum-liqueur-de-menthe\"]}]},{\"@type\":\"ImageObject\",\"inLanguage\":\"fr-FR\",\"@id\":\"https:\\\/\\\/lapetitemerveille.fr\\\/?product=magnum-liqueur-de-menthe#primaryimage\",\"url\":\"https:\\\/\\\/lapetitemerveille.fr\\\/wp-content\\\/uploads\\\/2025\\\/01\\\/18.png\",\"contentUrl\":\"https:\\\/\\\/lapetitemerveille.fr\\\/wp-content\\\/uploads\\\/2025\\\/01\\\/18.png\",\"width\":1080,\"height\":1080},{\"@type\":\"BreadcrumbList\",\"@id\":\"https:\\\/\\\/lapetitemerveille.fr\\\/?product=magnum-liqueur-de-menthe#breadcrumb\",\"itemListElement\":[{\"@type\":\"ListItem\",\"position\":1,\"name\":\"Accueil\",\"item\":\"https:\\\/\\\/lapetitemerveille.fr\\\/\"},{\"@type\":\"ListItem\",\"position\":2,\"name\":\"Nos produits\",\"item\":\"https:\\\/\\\/lapetitemerveille.fr\\\/?page_id=4904\"},{\"@type\":\"ListItem\",\"position\":3,\"name\":\"Magnum liqueur de Menthe\"}]},{\"@type\":\"WebSite\",\"@id\":\"https:\\\/\\\/lapetitemerveille.fr\\\/#website\",\"url\":\"https:\\\/\\\/lapetitemerveille.fr\\\/\",\"name\":\"La Petite Merveille\",\"description\":\"Liqueurs artisanales\",\"publisher\":{\"@id\":\"https:\\\/\\\/lapetitemerveille.fr\\\/#organization\"},\"potentialAction\":[{\"@type\":\"SearchAction\",\"target\":{\"@type\":\"EntryPoint\",\"urlTemplate\":\"https:\\\/\\\/lapetitemerveille.fr\\\/?s={search_term_string}\"},\"query-input\":{\"@type\":\"PropertyValueSpecification\",\"valueRequired\":true,\"valueName\":\"search_term_string\"}}],\"inLanguage\":\"fr-FR\"},{\"@type\":\"Organization\",\"@id\":\"https:\\\/\\\/lapetitemerveille.fr\\\/#organization\",\"name\":\"La Petite Merveille\",\"url\":\"https:\\\/\\\/lapetitemerveille.fr\\\/\",\"logo\":{\"@type\":\"ImageObject\",\"inLanguage\":\"fr-FR\",\"@id\":\"https:\\\/\\\/lapetitemerveille.fr\\\/#\\\/schema\\\/logo\\\/image\\\/\",\"url\":\"https:\\\/\\\/lapetitemerveille.fr\\\/wp-content\\\/uploads\\\/2024\\\/10\\\/cropped-Logo-LPM_Logo-Noir.png\",\"contentUrl\":\"https:\\\/\\\/lapetitemerveille.fr\\\/wp-content\\\/uploads\\\/2024\\\/10\\\/cropped-Logo-LPM_Logo-Noir.png\",\"width\":512,\"height\":512,\"caption\":\"La Petite Merveille\"},\"image\":{\"@id\":\"https:\\\/\\\/lapetitemerveille.fr\\\/#\\\/schema\\\/logo\\\/image\\\/\"}}]}<\/script>\n<!-- \/ Yoast SEO plugin. -->","yoast_head_json":{"title":"Magnum liqueur de Menthe - La Petite Merveille","description":"Notre magnum de Menthe est n\u00e9e d'un assemblage de deux vari\u00e9t\u00e9s de menthes. Elle offre un m\u00e9lange parfait entre le th\u00e9 marocain et de la menthe poivr\u00e9e.","robots":{"index":"index","follow":"follow","max-snippet":"max-snippet:-1","max-image-preview":"max-image-preview:large","max-video-preview":"max-video-preview:-1"},"canonical":"https:\/\/lapetitemerveille.fr\/?product=magnum-liqueur-de-menthe","og_locale":"fr_FR","og_type":"article","og_title":"Magnum liqueur de Menthe - La Petite Merveille","og_description":"Notre magnum de Menthe est n\u00e9e d'un assemblage de deux vari\u00e9t\u00e9s de menthes. Elle offre un m\u00e9lange parfait entre le th\u00e9 marocain et de la menthe poivr\u00e9e.","og_url":"https:\/\/lapetitemerveille.fr\/?product=magnum-liqueur-de-menthe","og_site_name":"La Petite Merveille","article_modified_time":"2026-03-11T13:30:51+00:00","og_image":[{"width":1080,"height":1080,"url":"https:\/\/lapetitemerveille.fr\/wp-content\/uploads\/2025\/01\/18.png","type":"image\/png"}],"twitter_card":"summary_large_image","twitter_misc":{"Dur\u00e9e de lecture estim\u00e9e":"1 minute"},"schema":{"@context":"https:\/\/schema.org","@graph":[{"@type":"WebPage","@id":"https:\/\/lapetitemerveille.fr\/?product=magnum-liqueur-de-menthe","url":"https:\/\/lapetitemerveille.fr\/?product=magnum-liqueur-de-menthe","name":"Magnum liqueur de Menthe - La Petite Merveille","isPartOf":{"@id":"https:\/\/lapetitemerveille.fr\/#website"},"primaryImageOfPage":{"@id":"https:\/\/lapetitemerveille.fr\/?product=magnum-liqueur-de-menthe#primaryimage"},"image":{"@id":"https:\/\/lapetitemerveille.fr\/?product=magnum-liqueur-de-menthe#primaryimage"},"thumbnailUrl":"https:\/\/lapetitemerveille.fr\/wp-content\/uploads\/2025\/01\/18.png","datePublished":"2025-01-15T10:16:51+00:00","dateModified":"2026-03-11T13:30:51+00:00","description":"Notre magnum de Menthe est n\u00e9e d'un assemblage de deux vari\u00e9t\u00e9s de menthes. Elle offre un m\u00e9lange parfait entre le th\u00e9 marocain et de la menthe poivr\u00e9e.","breadcrumb":{"@id":"https:\/\/lapetitemerveille.fr\/?product=magnum-liqueur-de-menthe#breadcrumb"},"inLanguage":"fr-FR","potentialAction":[{"@type":"ReadAction","target":["https:\/\/lapetitemerveille.fr\/?product=magnum-liqueur-de-menthe"]}]},{"@type":"ImageObject","inLanguage":"fr-FR","@id":"https:\/\/lapetitemerveille.fr\/?product=magnum-liqueur-de-menthe#primaryimage","url":"https:\/\/lapetitemerveille.fr\/wp-content\/uploads\/2025\/01\/18.png","contentUrl":"https:\/\/lapetitemerveille.fr\/wp-content\/uploads\/2025\/01\/18.png","width":1080,"height":1080},{"@type":"BreadcrumbList","@id":"https:\/\/lapetitemerveille.fr\/?product=magnum-liqueur-de-menthe#breadcrumb","itemListElement":[{"@type":"ListItem","position":1,"name":"Accueil","item":"https:\/\/lapetitemerveille.fr\/"},{"@type":"ListItem","position":2,"name":"Nos produits","item":"https:\/\/lapetitemerveille.fr\/?page_id=4904"},{"@type":"ListItem","position":3,"name":"Magnum liqueur de Menthe"}]},{"@type":"WebSite","@id":"https:\/\/lapetitemerveille.fr\/#website","url":"https:\/\/lapetitemerveille.fr\/","name":"La Petite Merveille","description":"Liqueurs artisanales","publisher":{"@id":"https:\/\/lapetitemerveille.fr\/#organization"},"potentialAction":[{"@type":"SearchAction","target":{"@type":"EntryPoint","urlTemplate":"https:\/\/lapetitemerveille.fr\/?s={search_term_string}"},"query-input":{"@type":"PropertyValueSpecification","valueRequired":true,"valueName":"search_term_string"}}],"inLanguage":"fr-FR"},{"@type":"Organization","@id":"https:\/\/lapetitemerveille.fr\/#organization","name":"La Petite Merveille","url":"https:\/\/lapetitemerveille.fr\/","logo":{"@type":"ImageObject","inLanguage":"fr-FR","@id":"https:\/\/lapetitemerveille.fr\/#\/schema\/logo\/image\/","url":"https:\/\/lapetitemerveille.fr\/wp-content\/uploads\/2024\/10\/cropped-Logo-LPM_Logo-Noir.png","contentUrl":"https:\/\/lapetitemerveille.fr\/wp-content\/uploads\/2024\/10\/cropped-Logo-LPM_Logo-Noir.png","width":512,"height":512,"caption":"La Petite Merveille"},"image":{"@id":"https:\/\/lapetitemerveille.fr\/#\/schema\/logo\/image\/"}}]}},"_links":{"self":[{"href":"https:\/\/lapetitemerveille.fr\/index.php?rest_route=\/wp\/v2\/product\/6599","targetHints":{"allow":["GET"]}}],"collection":[{"href":"https:\/\/lapetitemerveille.fr\/index.php?rest_route=\/wp\/v2\/product"}],"about":[{"href":"https:\/\/lapetitemerveille.fr\/index.php?rest_route=\/wp\/v2\/types\/product"}],"replies":[{"embeddable":true,"href":"https:\/\/lapetitemerveille.fr\/index.php?rest_route=%2Fwp%2Fv2%2Fcomments&post=6599"}],"version-history":[{"count":2,"href":"https:\/\/lapetitemerveille.fr\/index.php?rest_route=\/wp\/v2\/product\/6599\/revisions"}],"predecessor-version":[{"id":6636,"href":"https:\/\/lapetitemerveille.fr\/index.php?rest_route=\/wp\/v2\/product\/6599\/revisions\/6636"}],"wp:featuredmedia":[{"embeddable":true,"href":"https:\/\/lapetitemerveille.fr\/index.php?rest_route=\/wp\/v2\/media\/7456"}],"wp:attachment":[{"href":"https:\/\/lapetitemerveille.fr\/index.php?rest_route=%2Fwp%2Fv2%2Fmedia&parent=6599"}],"wp:term":[{"taxonomy":"product_brand","embeddable":true,"href":"https:\/\/lapetitemerveille.fr\/index.php?rest_route=%2Fwp%2Fv2%2Fproduct_brand&post=6599"},{"taxonomy":"product_cat","embeddable":true,"href":"https:\/\/lapetitemerveille.fr\/index.php?rest_route=%2Fwp%2Fv2%2Fproduct_cat&post=6599"},{"taxonomy":"product_tag","embeddable":true,"href":"https:\/\/lapetitemerveille.fr\/index.php?rest_route=%2Fwp%2Fv2%2Fproduct_tag&post=6599"}],"curies":[{"name":"wp","href":"https:\/\/api.w.org\/{rel}","templated":true}]}}