{"id":6617,"date":"2025-01-28T07:18:54","date_gmt":"2025-01-28T07:18:54","guid":{"rendered":"https:\/\/lapetitemerveille.fr\/?post_type=product&#038;p=6617"},"modified":"2026-03-24T07:46:06","modified_gmt":"2026-03-24T07:46:06","slug":"liqueur-de-mandarine-aux-epices","status":"publish","type":"product","link":"https:\/\/lapetitemerveille.fr\/?product=liqueur-de-mandarine-aux-epices","title":{"rendered":"Liqueur de Mandarine aux \u00e9pices &#8211; \u00c9DITION LIMIT\u00c9E"},"content":{"rendered":"","protected":false},"excerpt":{"rendered":"<h3>\u00c9DITION LIMIT\u00c9E<\/h3>\n<h3>27\u00b0<\/h3>\n<p>D\u00e9couvrez notre liqueur de Mandarine aux \u00e9pices en 70cl ! Une harmonie parfaite entre la fra\u00eecheur des zestes et la chaleur des \u00e9pices.<\/p>\n<p>Elle sera parfaite pour ajouter une touche d&rsquo;\u00e9l\u00e9gance dans votre cocktail ou pour \u00eatre savour\u00e9e sur glace.<\/p>\n","protected":false},"featured_media":8840,"comment_status":"open","ping_status":"closed","template":"","meta":[],"product_brand":[],"product_cat":[133],"product_tag":[],"class_list":{"0":"post-6617","1":"product","2":"type-product","3":"status-publish","4":"has-post-thumbnail","6":"product_cat-liqueur-de-mandarine","7":"product_shipping_class-colis-superieur-a-1kg","9":"first","10":"instock","11":"shipping-taxable","12":"purchasable","13":"product-type-simple"},"yoast_head":"<!-- This site is optimized with the Yoast SEO plugin v27.3 - https:\/\/yoast.com\/product\/yoast-seo-wordpress\/ -->\n<title>Liqueur de Mandarine aux \u00e9pices - \u00c9DITION LIMIT\u00c9E - La Petite Merveille<\/title>\n<meta name=\"description\" content=\"D\u00e9couvrez notre liqueur de Mandarine aux \u00e9pices ! Une harmonie parfaite entre la fra\u00eecheur des zestes et la chaleur des \u00e9pices.\" \/>\n<meta name=\"robots\" content=\"index, follow, max-snippet:-1, max-image-preview:large, max-video-preview:-1\" \/>\n<link rel=\"canonical\" href=\"https:\/\/lapetitemerveille.fr\/?product=liqueur-de-mandarine-aux-epices\" \/>\n<meta property=\"og:locale\" content=\"fr_FR\" \/>\n<meta property=\"og:type\" content=\"article\" \/>\n<meta property=\"og:title\" content=\"Liqueur de Mandarine aux \u00e9pices - \u00c9DITION LIMIT\u00c9E - La Petite Merveille\" \/>\n<meta property=\"og:description\" content=\"D\u00e9couvrez notre liqueur de Mandarine aux \u00e9pices ! Une harmonie parfaite entre la fra\u00eecheur des zestes et la chaleur des \u00e9pices.\" \/>\n<meta property=\"og:url\" content=\"https:\/\/lapetitemerveille.fr\/?product=liqueur-de-mandarine-aux-epices\" \/>\n<meta property=\"og:site_name\" content=\"La Petite Merveille\" \/>\n<meta property=\"article:modified_time\" content=\"2026-03-24T07:46:06+00:00\" \/>\n<meta property=\"og:image\" content=\"https:\/\/lapetitemerveille.fr\/wp-content\/uploads\/2026\/03\/50cl-1.png\" \/>\n\t<meta property=\"og:image:width\" content=\"1080\" \/>\n\t<meta property=\"og:image:height\" content=\"1080\" \/>\n\t<meta property=\"og:image:type\" content=\"image\/png\" \/>\n<meta name=\"twitter:card\" content=\"summary_large_image\" \/>\n<script type=\"application\/ld+json\" class=\"yoast-schema-graph\">{\"@context\":\"https:\\\/\\\/schema.org\",\"@graph\":[{\"@type\":\"WebPage\",\"@id\":\"https:\\\/\\\/lapetitemerveille.fr\\\/?product=liqueur-de-mandarine-aux-epices\",\"url\":\"https:\\\/\\\/lapetitemerveille.fr\\\/?product=liqueur-de-mandarine-aux-epices\",\"name\":\"Liqueur de Mandarine aux \u00e9pices - \u00c9DITION LIMIT\u00c9E - La Petite Merveille\",\"isPartOf\":{\"@id\":\"https:\\\/\\\/lapetitemerveille.fr\\\/#website\"},\"primaryImageOfPage\":{\"@id\":\"https:\\\/\\\/lapetitemerveille.fr\\\/?product=liqueur-de-mandarine-aux-epices#primaryimage\"},\"image\":{\"@id\":\"https:\\\/\\\/lapetitemerveille.fr\\\/?product=liqueur-de-mandarine-aux-epices#primaryimage\"},\"thumbnailUrl\":\"https:\\\/\\\/lapetitemerveille.fr\\\/wp-content\\\/uploads\\\/2026\\\/03\\\/50cl-1.png\",\"datePublished\":\"2025-01-28T07:18:54+00:00\",\"dateModified\":\"2026-03-24T07:46:06+00:00\",\"description\":\"D\u00e9couvrez notre liqueur de Mandarine aux \u00e9pices ! Une harmonie parfaite entre la fra\u00eecheur des zestes et la chaleur des \u00e9pices.\",\"breadcrumb\":{\"@id\":\"https:\\\/\\\/lapetitemerveille.fr\\\/?product=liqueur-de-mandarine-aux-epices#breadcrumb\"},\"inLanguage\":\"fr-FR\",\"potentialAction\":[{\"@type\":\"ReadAction\",\"target\":[\"https:\\\/\\\/lapetitemerveille.fr\\\/?product=liqueur-de-mandarine-aux-epices\"]}]},{\"@type\":\"ImageObject\",\"inLanguage\":\"fr-FR\",\"@id\":\"https:\\\/\\\/lapetitemerveille.fr\\\/?product=liqueur-de-mandarine-aux-epices#primaryimage\",\"url\":\"https:\\\/\\\/lapetitemerveille.fr\\\/wp-content\\\/uploads\\\/2026\\\/03\\\/50cl-1.png\",\"contentUrl\":\"https:\\\/\\\/lapetitemerveille.fr\\\/wp-content\\\/uploads\\\/2026\\\/03\\\/50cl-1.png\",\"width\":1080,\"height\":1080},{\"@type\":\"BreadcrumbList\",\"@id\":\"https:\\\/\\\/lapetitemerveille.fr\\\/?product=liqueur-de-mandarine-aux-epices#breadcrumb\",\"itemListElement\":[{\"@type\":\"ListItem\",\"position\":1,\"name\":\"Accueil\",\"item\":\"https:\\\/\\\/lapetitemerveille.fr\\\/\"},{\"@type\":\"ListItem\",\"position\":2,\"name\":\"Nos produits\",\"item\":\"https:\\\/\\\/lapetitemerveille.fr\\\/?page_id=4904\"},{\"@type\":\"ListItem\",\"position\":3,\"name\":\"Liqueur de Mandarine aux \u00e9pices &#8211; \u00c9DITION LIMIT\u00c9E\"}]},{\"@type\":\"WebSite\",\"@id\":\"https:\\\/\\\/lapetitemerveille.fr\\\/#website\",\"url\":\"https:\\\/\\\/lapetitemerveille.fr\\\/\",\"name\":\"La Petite Merveille\",\"description\":\"Liqueurs artisanales\",\"publisher\":{\"@id\":\"https:\\\/\\\/lapetitemerveille.fr\\\/#organization\"},\"potentialAction\":[{\"@type\":\"SearchAction\",\"target\":{\"@type\":\"EntryPoint\",\"urlTemplate\":\"https:\\\/\\\/lapetitemerveille.fr\\\/?s={search_term_string}\"},\"query-input\":{\"@type\":\"PropertyValueSpecification\",\"valueRequired\":true,\"valueName\":\"search_term_string\"}}],\"inLanguage\":\"fr-FR\"},{\"@type\":\"Organization\",\"@id\":\"https:\\\/\\\/lapetitemerveille.fr\\\/#organization\",\"name\":\"La Petite Merveille\",\"url\":\"https:\\\/\\\/lapetitemerveille.fr\\\/\",\"logo\":{\"@type\":\"ImageObject\",\"inLanguage\":\"fr-FR\",\"@id\":\"https:\\\/\\\/lapetitemerveille.fr\\\/#\\\/schema\\\/logo\\\/image\\\/\",\"url\":\"https:\\\/\\\/lapetitemerveille.fr\\\/wp-content\\\/uploads\\\/2024\\\/10\\\/cropped-Logo-LPM_Logo-Noir.png\",\"contentUrl\":\"https:\\\/\\\/lapetitemerveille.fr\\\/wp-content\\\/uploads\\\/2024\\\/10\\\/cropped-Logo-LPM_Logo-Noir.png\",\"width\":512,\"height\":512,\"caption\":\"La Petite Merveille\"},\"image\":{\"@id\":\"https:\\\/\\\/lapetitemerveille.fr\\\/#\\\/schema\\\/logo\\\/image\\\/\"}}]}<\/script>\n<!-- \/ Yoast SEO plugin. -->","yoast_head_json":{"title":"Liqueur de Mandarine aux \u00e9pices - \u00c9DITION LIMIT\u00c9E - La Petite Merveille","description":"D\u00e9couvrez notre liqueur de Mandarine aux \u00e9pices ! Une harmonie parfaite entre la fra\u00eecheur des zestes et la chaleur des \u00e9pices.","robots":{"index":"index","follow":"follow","max-snippet":"max-snippet:-1","max-image-preview":"max-image-preview:large","max-video-preview":"max-video-preview:-1"},"canonical":"https:\/\/lapetitemerveille.fr\/?product=liqueur-de-mandarine-aux-epices","og_locale":"fr_FR","og_type":"article","og_title":"Liqueur de Mandarine aux \u00e9pices - \u00c9DITION LIMIT\u00c9E - La Petite Merveille","og_description":"D\u00e9couvrez notre liqueur de Mandarine aux \u00e9pices ! Une harmonie parfaite entre la fra\u00eecheur des zestes et la chaleur des \u00e9pices.","og_url":"https:\/\/lapetitemerveille.fr\/?product=liqueur-de-mandarine-aux-epices","og_site_name":"La Petite Merveille","article_modified_time":"2026-03-24T07:46:06+00:00","og_image":[{"width":1080,"height":1080,"url":"https:\/\/lapetitemerveille.fr\/wp-content\/uploads\/2026\/03\/50cl-1.png","type":"image\/png"}],"twitter_card":"summary_large_image","schema":{"@context":"https:\/\/schema.org","@graph":[{"@type":"WebPage","@id":"https:\/\/lapetitemerveille.fr\/?product=liqueur-de-mandarine-aux-epices","url":"https:\/\/lapetitemerveille.fr\/?product=liqueur-de-mandarine-aux-epices","name":"Liqueur de Mandarine aux \u00e9pices - \u00c9DITION LIMIT\u00c9E - La Petite Merveille","isPartOf":{"@id":"https:\/\/lapetitemerveille.fr\/#website"},"primaryImageOfPage":{"@id":"https:\/\/lapetitemerveille.fr\/?product=liqueur-de-mandarine-aux-epices#primaryimage"},"image":{"@id":"https:\/\/lapetitemerveille.fr\/?product=liqueur-de-mandarine-aux-epices#primaryimage"},"thumbnailUrl":"https:\/\/lapetitemerveille.fr\/wp-content\/uploads\/2026\/03\/50cl-1.png","datePublished":"2025-01-28T07:18:54+00:00","dateModified":"2026-03-24T07:46:06+00:00","description":"D\u00e9couvrez notre liqueur de Mandarine aux \u00e9pices ! Une harmonie parfaite entre la fra\u00eecheur des zestes et la chaleur des \u00e9pices.","breadcrumb":{"@id":"https:\/\/lapetitemerveille.fr\/?product=liqueur-de-mandarine-aux-epices#breadcrumb"},"inLanguage":"fr-FR","potentialAction":[{"@type":"ReadAction","target":["https:\/\/lapetitemerveille.fr\/?product=liqueur-de-mandarine-aux-epices"]}]},{"@type":"ImageObject","inLanguage":"fr-FR","@id":"https:\/\/lapetitemerveille.fr\/?product=liqueur-de-mandarine-aux-epices#primaryimage","url":"https:\/\/lapetitemerveille.fr\/wp-content\/uploads\/2026\/03\/50cl-1.png","contentUrl":"https:\/\/lapetitemerveille.fr\/wp-content\/uploads\/2026\/03\/50cl-1.png","width":1080,"height":1080},{"@type":"BreadcrumbList","@id":"https:\/\/lapetitemerveille.fr\/?product=liqueur-de-mandarine-aux-epices#breadcrumb","itemListElement":[{"@type":"ListItem","position":1,"name":"Accueil","item":"https:\/\/lapetitemerveille.fr\/"},{"@type":"ListItem","position":2,"name":"Nos produits","item":"https:\/\/lapetitemerveille.fr\/?page_id=4904"},{"@type":"ListItem","position":3,"name":"Liqueur de Mandarine aux \u00e9pices &#8211; \u00c9DITION LIMIT\u00c9E"}]},{"@type":"WebSite","@id":"https:\/\/lapetitemerveille.fr\/#website","url":"https:\/\/lapetitemerveille.fr\/","name":"La Petite Merveille","description":"Liqueurs artisanales","publisher":{"@id":"https:\/\/lapetitemerveille.fr\/#organization"},"potentialAction":[{"@type":"SearchAction","target":{"@type":"EntryPoint","urlTemplate":"https:\/\/lapetitemerveille.fr\/?s={search_term_string}"},"query-input":{"@type":"PropertyValueSpecification","valueRequired":true,"valueName":"search_term_string"}}],"inLanguage":"fr-FR"},{"@type":"Organization","@id":"https:\/\/lapetitemerveille.fr\/#organization","name":"La Petite Merveille","url":"https:\/\/lapetitemerveille.fr\/","logo":{"@type":"ImageObject","inLanguage":"fr-FR","@id":"https:\/\/lapetitemerveille.fr\/#\/schema\/logo\/image\/","url":"https:\/\/lapetitemerveille.fr\/wp-content\/uploads\/2024\/10\/cropped-Logo-LPM_Logo-Noir.png","contentUrl":"https:\/\/lapetitemerveille.fr\/wp-content\/uploads\/2024\/10\/cropped-Logo-LPM_Logo-Noir.png","width":512,"height":512,"caption":"La Petite Merveille"},"image":{"@id":"https:\/\/lapetitemerveille.fr\/#\/schema\/logo\/image\/"}}]}},"_links":{"self":[{"href":"https:\/\/lapetitemerveille.fr\/index.php?rest_route=\/wp\/v2\/product\/6617","targetHints":{"allow":["GET"]}}],"collection":[{"href":"https:\/\/lapetitemerveille.fr\/index.php?rest_route=\/wp\/v2\/product"}],"about":[{"href":"https:\/\/lapetitemerveille.fr\/index.php?rest_route=\/wp\/v2\/types\/product"}],"replies":[{"embeddable":true,"href":"https:\/\/lapetitemerveille.fr\/index.php?rest_route=%2Fwp%2Fv2%2Fcomments&post=6617"}],"version-history":[{"count":7,"href":"https:\/\/lapetitemerveille.fr\/index.php?rest_route=\/wp\/v2\/product\/6617\/revisions"}],"predecessor-version":[{"id":8830,"href":"https:\/\/lapetitemerveille.fr\/index.php?rest_route=\/wp\/v2\/product\/6617\/revisions\/8830"}],"wp:featuredmedia":[{"embeddable":true,"href":"https:\/\/lapetitemerveille.fr\/index.php?rest_route=\/wp\/v2\/media\/8840"}],"wp:attachment":[{"href":"https:\/\/lapetitemerveille.fr\/index.php?rest_route=%2Fwp%2Fv2%2Fmedia&parent=6617"}],"wp:term":[{"taxonomy":"product_brand","embeddable":true,"href":"https:\/\/lapetitemerveille.fr\/index.php?rest_route=%2Fwp%2Fv2%2Fproduct_brand&post=6617"},{"taxonomy":"product_cat","embeddable":true,"href":"https:\/\/lapetitemerveille.fr\/index.php?rest_route=%2Fwp%2Fv2%2Fproduct_cat&post=6617"},{"taxonomy":"product_tag","embeddable":true,"href":"https:\/\/lapetitemerveille.fr\/index.php?rest_route=%2Fwp%2Fv2%2Fproduct_tag&post=6617"}],"curies":[{"name":"wp","href":"https:\/\/api.w.org\/{rel}","templated":true}]}}